{"id":26887,"date":"2022-12-14T10:30:11","date_gmt":"2022-12-14T09:30:11","guid":{"rendered":"https:\/\/riad-layalina-fes.com\/contact\/"},"modified":"2025-05-28T09:24:35","modified_gmt":"2025-05-28T07:24:35","slug":"contact","status":"publish","type":"page","link":"https:\/\/riad-layalina-fes.com\/ryad-fez\/contact\/","title":{"rendered":"Contact Us"},"content":{"rendered":"<div class=\"wpb-content-wrapper\"><p>[vc_row full_width=&#8221;stretch_row&#8221; full_height=&#8221;yes&#8221; hue=&#8221;#ff0000&#8243; css=&#8221;.vc_custom_1678091578258{margin-top: 0px !important;margin-bottom: 0px !important;padding-top: 5% !important;padding-bottom: 5% !important;background-image: url(https:\/\/riad-layalina-fes.com\/wp-content\/uploads\/riad-contact.jpg?id=27434) !important;background-position: center !important;background-repeat: no-repeat !important;background-size: cover !important;}&#8221;][vc_column css=&#8221;.vc_custom_1671034690405{margin-top: 0px !important;margin-bottom: 0px !important;padding-top: 0px !important;padding-bottom: 0px !important;}&#8221; offset=&#8221;vc_hidden-sm vc_hidden-xs&#8221;][vc_custom_heading text=&#8221;&#8221; font_container=&#8221;tag:h2|text_align:center|color:%23ffffff&#8221; use_theme_fonts=&#8221;yes&#8221;][vc_empty_space height=&#8221;50px&#8221;][vc_row_inner css=&#8221;.vc_custom_1538596728912{margin-bottom: 0px !important;padding-bottom: 0px !important;background-color: #ffffff !important;}&#8221;][vc_column_inner width=&#8221;1\/3&#8243; css=&#8221;.vc_custom_1541421615729{padding-top: 15% !important;padding-left: 15% !important;}&#8221; offset=&#8221;vc_hidden-sm vc_hidden-xs&#8221;]<div id=\"tile-with-icon_icon1\" class=\"title-with-icon-wrapper clear small \" data-color=\"\"  style=\"\">\r\n\t\t\t<div class=\"wpb_content_element title-with-icon clearfix margin-bottom-0 \"><span  style=\"color:#000000 !important;background-color: !important;\" class=\"oic-location-1 clear small \" ><\/span><h5 style=\"color:#000000\">Address<\/h5>\r\n\t\t\t<\/div><div class=\"wpb_content_element left-cs title-with-icon-content small clearfix\" style=\"color:#000000\"><strong><span style=\"color: #999999;\">Car Parking A\u00efn Azliten,<br \/>\n10 bis Derb El Miter<br \/>\nFes 30000, Morocco<\/span><\/strong><\/div><\/div>[vc_separator]<div id=\"tile-with-icon_icon2\" class=\"title-with-icon-wrapper clear small \" data-color=\"\"  style=\"\">\r\n\t\t\t<div class=\"wpb_content_element title-with-icon clearfix margin-bottom-0 \"><span  style=\"color:#000000 !important;background-color: !important;\" class=\"oic-email-mail-streamline clear small \" ><\/span><h5 style=\"color:#000000\">Mail<\/h5>\r\n\t\t\t<\/div><div class=\"wpb_content_element left-cs title-with-icon-content small clearfix\" style=\"color:#000000\"><strong><a href=\"m&#97;&#105;&#x6c;&#x74;&#x6f;:&#105;&#110;&#x66;&#x6f;&#x40;ri&#97;&#x64;&#x2d;&#x6c;ay&#97;&#108;&#x69;&#x6e;&#x61;-&#102;&#101;&#x73;&#x2e;&#x63;o&#109;\"><span style=\"color: #999999;\">&#105;&#x6e;&#x66;&#111;&#x40;&#x72;i&#x61;&#x64;-&#108;&#x61;y&#97;&#x6c;i&#110;&#x61;-&#102;&#x65;s&#46;&#x63;&#x6f;&#109;<\/span><\/a><\/strong><\/div><\/div>[vc_separator]<div id=\"tile-with-icon_icon3\" class=\"title-with-icon-wrapper clear small \" data-color=\"\"  style=\"\">\r\n\t\t\t<div class=\"wpb_content_element title-with-icon clearfix margin-bottom-0 \"><span  style=\"color:#000000 !important;background-color: !important;\" class=\"oic-telephone clear small \" ><\/span><h5 style=\"color:#000000\">Phone<\/h5>\r\n\t\t\t<\/div><div class=\"wpb_content_element left-cs title-with-icon-content small clearfix\" style=\"color:#000000\"><a href=\"tel:+33683102251\">+33 6 83 10 22 51<\/a> \/ <a href=\"tel:+212662096433\">+ 212 6 62 09 64 33<\/a><\/div><\/div>[vc_empty_space][vc_btn title=&#8221;Book your stay&#8221; style=&#8221;flat&#8221; shape=&#8221;square&#8221; color=&#8221;chino&#8221; align=&#8221;center&#8221; link=&#8221;url:https%3A%2F%2Fsecure.reservit.com%2Ffo%2Fbooking%2F2%2F170307%2Fdates%3FspecialMode%3Ddefault%26partid%3D0%26custid%3D2%26hotelid%3D170307%26m%3Dbooking%26langcode%3DEN&#8221;][\/vc_btn][\/vc_column_inner][vc_column_inner width=&#8221;2\/3&#8243; css=&#8221;.vc_custom_1541421628918{padding-top: 8% !important;padding-right: 10% !important;padding-bottom: 5% !important;padding-left: 10% !important;}&#8221; offset=&#8221;vc_hidden-sm vc_hidden-xs&#8221;]\n<div class=\"wpcf7 no-js\" id=\"wpcf7-f27387-o1\" lang=\"en-US\" dir=\"ltr\" data-wpcf7-id=\"27387\">\n<div class=\"screen-reader-response\"><p role=\"status\" aria-live=\"polite\" aria-atomic=\"true\"><\/p> <ul><\/ul><\/div>\n<form action=\"\/ryad-fez\/wp-json\/wp\/v2\/pages\/26887#wpcf7-f27387-o1\" method=\"post\" class=\"wpcf7-form init\" aria-label=\"Contact form\" novalidate=\"novalidate\" data-status=\"init\">\n<fieldset class=\"hidden-fields-container\"><input type=\"hidden\" name=\"_wpcf7\" value=\"27387\" \/><input type=\"hidden\" name=\"_wpcf7_version\" value=\"6.1.4\" \/><input type=\"hidden\" name=\"_wpcf7_locale\" value=\"en_US\" \/><input type=\"hidden\" name=\"_wpcf7_unit_tag\" value=\"wpcf7-f27387-o1\" \/><input type=\"hidden\" name=\"_wpcf7_container_post\" value=\"0\" \/><input type=\"hidden\" name=\"_wpcf7_posted_data_hash\" value=\"\" \/>\n<\/fieldset>\n<p class=\"ozy-half-input\"><span class=\"wpcf7-form-control-wrap\" data-name=\"your-name\"><input size=\"40\" maxlength=\"400\" class=\"wpcf7-form-control wpcf7-text wpcf7-validates-as-required\" aria-required=\"true\" aria-invalid=\"false\" placeholder=\"Name *\" value=\"\" type=\"text\" name=\"your-name\" \/><\/span>\n<\/p>\n<p class=\"ozy-half-input-last\"><span class=\"wpcf7-form-control-wrap\" data-name=\"your-firstname\"><input size=\"40\" maxlength=\"400\" class=\"wpcf7-form-control wpcf7-text wpcf7-validates-as-required\" aria-required=\"true\" aria-invalid=\"false\" placeholder=\"Firstname *\" value=\"\" type=\"text\" name=\"your-firstname\" \/><\/span>\n<\/p>\n<p class=\"ozy-half-input\"><span class=\"wpcf7-form-control-wrap\" data-name=\"your-phone\"><input size=\"40\" maxlength=\"400\" class=\"wpcf7-form-control wpcf7-text\" aria-invalid=\"false\" placeholder=\"Phone\" value=\"\" type=\"text\" name=\"your-phone\" \/><\/span>\n<\/p>\n<p class=\"ozy-half-input-last\"><span class=\"wpcf7-form-control-wrap\" data-name=\"your-email\"><input size=\"40\" maxlength=\"400\" class=\"wpcf7-form-control wpcf7-email wpcf7-validates-as-required wpcf7-text wpcf7-validates-as-email\" aria-required=\"true\" aria-invalid=\"false\" placeholder=\"E-mail *\" value=\"\" type=\"email\" name=\"your-email\" \/><\/span>\n<\/p>\n<p class=\"ozy-full-input\"><span class=\"wpcf7-form-control-wrap\" data-name=\"your-message\"><textarea cols=\"40\" rows=\"3\" maxlength=\"2000\" class=\"wpcf7-form-control wpcf7-textarea wpcf7-validates-as-required\" aria-required=\"true\" aria-invalid=\"false\" placeholder=\"Your enquiry *\" name=\"your-message\"><\/textarea><\/span>\n<\/p>\n<p><span class=\"wpcf7-form-control-wrap\" data-name=\"confidentiality\"><span class=\"wpcf7-form-control wpcf7-checkbox wpcf7-validates-as-required\"><span class=\"wpcf7-list-item first last\"><input type=\"checkbox\" name=\"confidentiality[]\" value=\"I have read and accept the privacy policy *\" \/><span class=\"wpcf7-list-item-label\">I have read and accept the privacy policy *<\/span><\/span><\/span><\/span>\n<\/p>\n<p>Conform\u00e9ment \u00e0 la loi 09-08, vous disposez d'un droit d'acc\u00e8s, de rectification et d'opposition au traitement de vos donn\u00e9es personnelles.\n<\/p>\n<p><input class=\"wpcf7-form-control wpcf7-submit has-spinner\" type=\"submit\" value=\"Send\" \/>\n<\/p>\n<p>Fields with * are required.\n<\/p><div class=\"wpcf7-response-output\" aria-hidden=\"true\"><\/div>\n<\/form>\n<\/div>\n[\/vc_column_inner][\/vc_row_inner][\/vc_column][\/vc_row][vc_row full_width=&#8221;stretch_row_content_no_spaces&#8221; zero_padding_on_mobile=&#8221;on&#8221; zero_margin_on_mobile=&#8221;on&#8221; css=&#8221;.vc_custom_1671034461919{margin-top: 0px !important;margin-bottom: 100px !important;padding-top: 0px !important;padding-bottom: 0px !important;}&#8221;][vc_column css=&#8221;.vc_custom_1671012951042{margin-top: 0px !important;margin-bottom: 0px !important;padding-top: 0px !important;padding-bottom: 0px !important;}&#8221;][vc_gmaps link=&#8221;#E-8_JTNDaWZyYW1lJTIwc3JjJTNEJTIyaHR0cHMlM0ElMkYlMkZ3d3cuZ29vZ2xlLmNvbSUyRm1hcHMlMkZlbWJlZCUzRnBiJTNEJTIxMW0xOCUyMTFtMTIlMjExbTMlMjExZDY0MjIuMDM2MTE2MjQwMjMwNSUyMTJkLTQuOTg4ODQ2MzM4MjM3MDIzJTIxM2QzNC4wNjY3NDQ0MjU3MTAyNiUyMTJtMyUyMTFmMCUyMTJmMCUyMTNmMCUyMTNtMiUyMTFpMTAyNCUyMTJpNzY4JTIxNGYxMy4xJTIxM20zJTIxMW0yJTIxMXMweGQ5ZmY0YTYwYjU2MmEyOSUyNTNBMHhlMmJjNGJjNTQ1MzAxYmNiJTIxMnNIb3RlbCUyNTIwUmlhZCUyNTIwTGF5YWxpbmElMjUyMEZlcyUyMTVlMCUyMTNtMiUyMTFzZnIlMjEyc2ZyJTIxNHYxNjcxMDM4OTY5Njg1JTIxNW0yJTIxMXNmciUyMTJzZnIlMjIlMjB3aWR0aCUzRCUyMjEwMCUyNSUyMiUyMGhlaWdodCUzRCUyMjQ1MCUyMiUyMHN0eWxlJTNEJTIyYm9yZGVyJTNBMCUzQiUyMiUyMGFsbG93ZnVsbHNjcmVlbiUzRCUyMiUyMiUyMGxvYWRpbmclM0QlMjJsYXp5JTIyJTIwcmVmZXJyZXJwb2xpY3klM0QlMjJuby1yZWZlcnJlci13aGVuLWRvd25ncmFkZSUyMiUzRSUzQyUyRmlmcmFtZSUzRQ==&#8221; css=&#8221;.vc_custom_1671038994769{margin-top: 0px !important;margin-bottom: 0px !important;padding-top: 0px !important;padding-bottom: 0px !important;}&#8221;][\/vc_column][\/vc_row][vc_row][vc_column][vc_column_text css=&#8221;&#8221;]<\/p>\n<h2>FAQ<\/h2>\n<p>[\/vc_column_text][vc_column_text css=&#8221;&#8221;]<style>#sp-ea-28432 .spcollapsing { height: 0; overflow: hidden; transition-property: height;transition-duration: 300ms;}#sp-ea-28432.sp-easy-accordion>.sp-ea-single {margin-bottom: 10px; border: 1px solid #e2e2e2; }#sp-ea-28432.sp-easy-accordion>.sp-ea-single>.ea-header a {color: #444;}#sp-ea-28432.sp-easy-accordion>.sp-ea-single>.sp-collapse>.ea-body {background: #fff; color: #444;}#sp-ea-28432.sp-easy-accordion>.sp-ea-single {background: #eee;}#sp-ea-28432.sp-easy-accordion>.sp-ea-single>.ea-header a .ea-expand-icon { float: left; color: #444;font-size: 16px;}<\/style><div id=\"sp_easy_accordion-1703532755\"><div id=\"sp-ea-28432\" class=\"sp-ea-one sp-easy-accordion\" data-ea-active=\"ea-click\" data-ea-mode=\"vertical\" data-preloader=\"\" data-scroll-active-item=\"\" data-offset-to-scroll=\"0\"><div class=\"ea-card ea-expand sp-ea-single\"><h3 class=\"ea-header\"><a class=\"collapsed\" id=\"ea-header-284320\" role=\"button\" data-sptoggle=\"spcollapse\" data-sptarget=\"#collapse284320\" aria-controls=\"collapse284320\" href=\"#\" aria-expanded=\"true\" tabindex=\"0\"><i aria-hidden=\"true\" role=\"presentation\" class=\"ea-expand-icon eap-icon-ea-expand-minus\"><\/i> How can I contact Riad Layalina Fes by phone<\/a><\/h3><div class=\"sp-collapse spcollapse collapsed show\" id=\"collapse284320\" data-parent=\"#sp-ea-28432\" role=\"region\" aria-labelledby=\"ea-header-284320\"> <div class=\"ea-body\"><p>The landline number is +212 53 57 40 007 and the mobile number is +212 6 69 82 00 97.<\/p><\/div><\/div><\/div><div class=\"ea-card sp-ea-single\"><h3 class=\"ea-header\"><a class=\"collapsed\" id=\"ea-header-284321\" role=\"button\" data-sptoggle=\"spcollapse\" data-sptarget=\"#collapse284321\" aria-controls=\"collapse284321\" href=\"#\" aria-expanded=\"false\" tabindex=\"0\"><i aria-hidden=\"true\" role=\"presentation\" class=\"ea-expand-icon eap-icon-ea-expand-plus\"><\/i> What are the GPS coordinates of Riad Layalina Fes?<\/a><\/h3><div class=\"sp-collapse spcollapse \" id=\"collapse284321\" data-parent=\"#sp-ea-28432\" role=\"region\" aria-labelledby=\"ea-header-284321\"> <div class=\"ea-body\"><p>The GPS coordinates are 34.066099,-4.981441,14<\/p><\/div><\/div><\/div><div class=\"ea-card sp-ea-single\"><h3 class=\"ea-header\"><a class=\"collapsed\" id=\"ea-header-284322\" role=\"button\" data-sptoggle=\"spcollapse\" data-sptarget=\"#collapse284322\" aria-controls=\"collapse284322\" href=\"#\" aria-expanded=\"false\" tabindex=\"0\"><i aria-hidden=\"true\" role=\"presentation\" class=\"ea-expand-icon eap-icon-ea-expand-plus\"><\/i> How can I easily get to Riad Layalina by car or motorbike?<\/a><\/h3><div class=\"sp-collapse spcollapse \" id=\"collapse284322\" data-parent=\"#sp-ea-28432\" role=\"region\" aria-labelledby=\"ea-header-284322\"> <div class=\"ea-body\"><p>Use Waze or Google Map and enter Riad Layalina Fes. The app will take you directly to our gate. You will be able to park safely at the foot of the riad.<\/p><\/div><\/div><\/div><div class=\"ea-card sp-ea-single\"><h3 class=\"ea-header\"><a class=\"collapsed\" id=\"ea-header-284323\" role=\"button\" data-sptoggle=\"spcollapse\" data-sptarget=\"#collapse284323\" aria-controls=\"collapse284323\" href=\"#\" aria-expanded=\"false\" tabindex=\"0\"><i aria-hidden=\"true\" role=\"presentation\" class=\"ea-expand-icon eap-icon-ea-expand-plus\"><\/i> What is the exact address of Riad Layalina?<\/a><\/h3><div class=\"sp-collapse spcollapse \" id=\"collapse284323\" data-parent=\"#sp-ea-28432\" role=\"region\" aria-labelledby=\"ea-header-284323\"> <div class=\"ea-body\"><p>The address is:<\/p><p>RIAD LAYALINA FES<br \/>10 derb el Miter<br \/>A\u00cfN AZLITEN<br \/>FES<\/p><\/div><\/div><\/div><div class=\"ea-card sp-ea-single\"><h3 class=\"ea-header\"><a class=\"collapsed\" id=\"ea-header-284324\" role=\"button\" data-sptoggle=\"spcollapse\" data-sptarget=\"#collapse284324\" aria-controls=\"collapse284324\" href=\"#\" aria-expanded=\"false\" tabindex=\"0\"><i aria-hidden=\"true\" role=\"presentation\" class=\"ea-expand-icon eap-icon-ea-expand-plus\"><\/i> What is the riad's e-mail address?<\/a><\/h3><div class=\"sp-collapse spcollapse \" id=\"collapse284324\" data-parent=\"#sp-ea-28432\" role=\"region\" aria-labelledby=\"ea-header-284324\"> <div class=\"ea-body\"><p>For inquiries or bookings, please write to:<br \/><a href=\"mai&#108;&#116;&#111;&#x3a;&#x69;&#x6e;&#x66;&#x6f;&#x40;ria&#100;&#45;&#108;&#97;&#x79;&#x61;&#x6c;&#x69;&#x6e;&#x61;-fe&#115;&#46;&#99;&#x6f;&#x6d;\">&#x69;&#110;f&#x6f;&#64;r&#x69;&#97;d&#x2d;&#x6c;&#97;&#x79;&#x61;&#108;i&#x6e;&#97;-&#x66;&#101;s&#x2e;&#x63;&#111;&#x6d;<\/a><\/p><\/div><\/div><\/div><div class=\"ea-card sp-ea-single\"><h3 class=\"ea-header\"><a class=\"collapsed\" id=\"ea-header-284325\" role=\"button\" data-sptoggle=\"spcollapse\" data-sptarget=\"#collapse284325\" aria-controls=\"collapse284325\" href=\"#\" aria-expanded=\"false\" tabindex=\"0\"><i aria-hidden=\"true\" role=\"presentation\" class=\"ea-expand-icon eap-icon-ea-expand-plus\"><\/i> Is the riad accessible by car or motorcycle?<\/a><\/h3><div class=\"sp-collapse spcollapse \" id=\"collapse284325\" data-parent=\"#sp-ea-28432\" role=\"region\" aria-labelledby=\"ea-header-284325\"> <div class=\"ea-body\"><p>Yes, Riad Layalina Fes is one of the few establishments in the medina to offer direct access by car or motorcycle. Free, secure, private parking is available at the foot of the riad.<\/p><\/div><\/div><\/div><div class=\"ea-card sp-ea-single\"><h3 class=\"ea-header\"><a class=\"collapsed\" id=\"ea-header-284326\" role=\"button\" data-sptoggle=\"spcollapse\" data-sptarget=\"#collapse284326\" aria-controls=\"collapse284326\" href=\"#\" aria-expanded=\"false\" tabindex=\"0\"><i aria-hidden=\"true\" role=\"presentation\" class=\"ea-expand-icon eap-icon-ea-expand-plus\"><\/i> How do I find the riad?<\/a><\/h3><div class=\"sp-collapse spcollapse \" id=\"collapse284326\" data-parent=\"#sp-ea-28432\" role=\"region\" aria-labelledby=\"ea-header-284326\"> <div class=\"ea-body\"><p>For precise directions, use navigation applications such as Waze or Google Maps and enter \"Hotel Riad Layalina Fes\". These applications will guide you directly to the riad entrance.<\/p><\/div><\/div><\/div><div class=\"ea-card sp-ea-single\"><h3 class=\"ea-header\"><a class=\"collapsed\" id=\"ea-header-284327\" role=\"button\" data-sptoggle=\"spcollapse\" data-sptarget=\"#collapse284327\" aria-controls=\"collapse284327\" href=\"#\" aria-expanded=\"false\" tabindex=\"0\"><i aria-hidden=\"true\" role=\"presentation\" class=\"ea-expand-icon eap-icon-ea-expand-plus\"><\/i> Can I book directly via the Riad's website?<\/a><\/h3><div class=\"sp-collapse spcollapse \" id=\"collapse284327\" data-parent=\"#sp-ea-28432\" role=\"region\" aria-labelledby=\"ea-header-284327\"> <div class=\"ea-body\"><p>Yes, you can book online by visiting the official website:<br \/><a href=\"https:\/\/riad-layalina-fes.com\">https:\/\/riad-layalina-fes.com<\/a><\/p><p>A direct booking will enable you to benefit from the best rates.<\/p><\/div><\/div><\/div><\/div><\/div>[\/vc_column_text][\/vc_column][\/vc_row][vc_row][vc_column][vc_empty_space][\/vc_column][\/vc_row]<\/p>\n<\/div>","protected":false},"excerpt":{"rendered":"<p>[vc_row full_width=&#8221;stretch_row&#8221; full_height=&#8221;yes&#8221; hue=&#8221;#ff0000&#8243; css=&#8221;.vc_custom_1678091578258{margin-top: 0px !important;margin-bottom: 0px !important;padding-top: 5% !important;padding-bottom: 5% !important;background-image: url(https:\/\/riad-layalina-fes.com\/wp-content\/uploads\/riad-contact.jpg?id=27434) !important;background-position: center !important;background-repeat: no-repeat !important;background-size: cover !important;}&#8221;][vc_column css=&#8221;.vc_custom_1671034690405{margin-top: 0px !important;margin-bottom: 0px !important;padding-top: 0px !important;padding-bottom: 0px !important;}&#8221; [&hellip;]<\/p>\n","protected":false},"author":2,"featured_media":0,"parent":0,"menu_order":0,"comment_status":"closed","ping_status":"closed","template":"page-transparent-menu.php","meta":{"footnotes":""},"class_list":["post-26887","page","type-page","status-publish","hentry",null],"_links":{"self":[{"href":"https:\/\/riad-layalina-fes.com\/ryad-fez\/wp-json\/wp\/v2\/pages\/26887","targetHints":{"allow":["GET"]}}],"collection":[{"href":"https:\/\/riad-layalina-fes.com\/ryad-fez\/wp-json\/wp\/v2\/pages"}],"about":[{"href":"https:\/\/riad-layalina-fes.com\/ryad-fez\/wp-json\/wp\/v2\/types\/page"}],"author":[{"embeddable":true,"href":"https:\/\/riad-layalina-fes.com\/ryad-fez\/wp-json\/wp\/v2\/users\/2"}],"replies":[{"embeddable":true,"href":"https:\/\/riad-layalina-fes.com\/ryad-fez\/wp-json\/wp\/v2\/comments?post=26887"}],"version-history":[{"count":29,"href":"https:\/\/riad-layalina-fes.com\/ryad-fez\/wp-json\/wp\/v2\/pages\/26887\/revisions"}],"predecessor-version":[{"id":29149,"href":"https:\/\/riad-layalina-fes.com\/ryad-fez\/wp-json\/wp\/v2\/pages\/26887\/revisions\/29149"}],"wp:attachment":[{"href":"https:\/\/riad-layalina-fes.com\/ryad-fez\/wp-json\/wp\/v2\/media?parent=26887"}],"curies":[{"name":"wp","href":"https:\/\/api.w.org\/{rel}","templated":true}]}}