{"id":26917,"date":"2022-12-14T14:12:11","date_gmt":"2022-12-14T13:12:11","guid":{"rendered":"https:\/\/riad-layalina-fes.com\/sport-et-activites-a-fes\/"},"modified":"2025-06-24T17:01:24","modified_gmt":"2025-06-24T15:01:24","slug":"sports-leisures-activities-in-fez","status":"publish","type":"page","link":"https:\/\/riad-layalina-fes.com\/ryad-fez\/sports-leisures-activities-in-fez\/","title":{"rendered":"Sports leisure &#038; activities in Fez"},"content":{"rendered":"<div class=\"wpb-content-wrapper\"><p>[vc_row full_width=&#8221;stretch_row&#8221; fading_background_color=&#8221;on&#8221; address_=&#8221;&#8221; zoom=&#8221;&#8221; hue=&#8221;#ff0000&#8243; css=&#8221;.vc_custom_1675679261017{margin-top: 0px !important;margin-bottom: 0px !important;padding-top: 5% !important;padding-bottom: 5% !important;}&#8221;][vc_column][vc_row_inner gap=&#8221;35&#8243;][vc_column_inner width=&#8221;1\/2&#8243;][vc_column_text]<\/p>\n<h2>Fez riding : pony-trekking<\/h2>\n<p>The A\u00efn Amyer equestrian and pony-trekking centre is a riding club for sport, leisure and tourism, situated just ten minutes from central Fez: affiliated to the Royal Moroccan Equestrian Sports Federation.<\/p>\n<p>You\u2019ll find Arab \u2013 Barb horses there for riding out and trekking ; Anglo-Arabs and thoroughbreds for dressage, show-jumping and sporting rides.<\/p>\n<p>[\/vc_column_text][\/vc_column_inner][vc_column_inner width=&#8221;1\/2&#8243;][vc_single_image image=&#8221;29667&#8243; img_size=&#8221;650&#215;300&#8243; alignment=&#8221;center&#8221; css=&#8221;.vc_custom_1750777131089{margin-top: 0px !important;margin-bottom: 0px !important;padding-top: 0px !important;padding-bottom: 0px !important;}&#8221; parallax_ratio=&#8221;1.0&#8243;][\/vc_column_inner][\/vc_row_inner][vc_empty_space height=&#8221;60px&#8221;][vc_row_inner gap=&#8221;35&#8243;][vc_column_inner width=&#8221;1\/2&#8243;][vc_single_image image=&#8221;29669&#8243; img_size=&#8221;650&#215;350&#8243; alignment=&#8221;center&#8221; css=&#8221;.vc_custom_1750777163291{margin-top: 0px !important;margin-bottom: 0px !important;padding-top: 0px !important;padding-bottom: 0px !important;}&#8221; parallax_ratio=&#8221;1.0&#8243;][\/vc_column_inner][vc_column_inner width=&#8221;1\/2&#8243;][vc_column_text]<\/p>\n<h2>Quad bike on the outskirts of Fes<\/h2>\n<p>Explore the marvellous panoramas of Oulad Tayeb on a powerful 300cc quad bike. Accompanied by a professional guide, this one-and-a-half-hour off-road tour will take you through the hills and valleys of this breathtaking region. You&#8217;ll discover a unique perspective on the natural beauty of Fes and its rich cultural heritage. This tour combines adrenaline and comfort, traditional tea break and photo stops to capture unforgettable memories. Your experienced guide will lead you along scenic routes, revealing its hidden treasures.[\/vc_column_text][\/vc_column_inner][\/vc_row_inner][vc_empty_space height=&#8221;60px&#8221;][vc_row_inner gap=&#8221;35&#8243;][vc_column_inner width=&#8221;1\/2&#8243;][vc_column_text]<\/p>\n<h2>Fez hiking<\/h2>\n<p>Starting from Fez, there are many all-day hikes. Mount Zalagh can be explored alone, but for Jbel Zehroun, Jbel Kandar and the Middle Atlas, we recommend that you take advantage of a local guide.[\/vc_column_text][\/vc_column_inner][vc_column_inner width=&#8221;1\/2&#8243;][vc_single_image image=&#8221;29672&#8243; img_size=&#8221;full&#8221; alignment=&#8221;center&#8221; css=&#8221;.vc_custom_1750777190523{margin-top: 0px !important;margin-bottom: 0px !important;padding-top: 0px !important;padding-bottom: 0px !important;}&#8221; parallax_ratio=&#8221;1.0&#8243;][\/vc_column_inner][\/vc_row_inner][vc_empty_space height=&#8221;60px&#8221;][vc_row_inner gap=&#8221;35&#8243;][vc_column_inner width=&#8221;1\/2&#8243;][vc_single_image image=&#8221;29674&#8243; img_size=&#8221;full&#8221; alignment=&#8221;center&#8221; css=&#8221;.vc_custom_1750777210397{margin-top: 0px !important;margin-bottom: 0px !important;padding-top: 0px !important;padding-bottom: 0px !important;}&#8221; parallax_ratio=&#8221;1.0&#8243;][\/vc_column_inner][vc_column_inner width=&#8221;1\/2&#8243;][vc_column_text]<\/p>\n<h2>Fez Golf : Royal Golf<\/h2>\n<p>Golf at the foot of the Atlas mountains ! This course is situated 3 km from the airport at F\u00e8s Sais, on the road to Immouzer and 15km from the royal city of Fez. In the heart of a huge olive grove, up against the foothills of the Atlas mountains and at 700m, the Fez Royal Golf Club has been admirably laid out by the famous golf course architect Cabell B. Robinson, who knew just how to work within the contours of the site without ever damaging it.<\/p>\n<p>Delightful golf on 76 hectares, with nine holes and five water hazards. Sweeping fairways, big bunkers, large, undulating greens and multiple tees (up to five per hole) make this course one of the loveliest in Morocco.<\/p>\n<p>[\/vc_column_text][\/vc_column_inner][\/vc_row_inner][vc_empty_space height=&#8221;60px&#8221;][vc_row_inner][vc_column_inner][vc_column_text]<\/p>\n<h2>Fez Golf : Oued F\u00e8s Golf Resort<\/h2>\n<p>Following the course of the Oued F\u00e8s for 6,344 metres, this wonderful 18-hole course has a touch of natural, aesthetic refinement. It\u2019s a work of art, on either side of the canal, bordered by a wide avenue of eucalyptus which shades the celebrated public promenade. The course was designed by the Scottish firm of Jonathan Gaunt, whose experience on the five continents, and whose fame, need no further explanation. Responding to the brief to create a course with wide appeal, with a golf school which would welcome beginners to the sport, his design meets the needs of golfers of all levels, set in the middle of a lush, green oasis.<\/p>\n<p>[\/vc_column_text][\/vc_column_inner][\/vc_row_inner][vc_empty_space height=&#8221;60px&#8221;][vc_row_inner gap=&#8221;35&#8243;][vc_column_inner width=&#8221;1\/2&#8243;][vc_column_text]<\/p>\n<h2>Fez ski : Michlifen ski resort<\/h2>\n<p>At 1,800m, the Michlifen ski resort, near Ifrane, is only sixty km from Fez. Enjoy the Middle Atlas snow for several winter months! The ski slopes are made up of five pistes, and stretch from 1,800 to 2,000m altitude. Michlifen is the second Moroccan winter sports resort, after Ouka\u00efmeden, and has snow cover from mid-November until March.<\/p>\n<p>The little resort is surrounded by a cedar forest, which stretches as far as the province of Kh\u00e9nifra.<\/p>\n<p>[\/vc_column_text][\/vc_column_inner][vc_column_inner width=&#8221;1\/2&#8243;][vc_single_image image=&#8221;29677&#8243; img_size=&#8221;650&#215;350&#8243; alignment=&#8221;center&#8221; css=&#8221;.vc_custom_1750777236848{margin-top: 0px !important;margin-bottom: 0px !important;padding-top: 0px !important;padding-bottom: 0px !important;}&#8221; parallax_ratio=&#8221;1.0&#8243;][\/vc_column_inner][\/vc_row_inner][vc_empty_space height=&#8221;60px&#8221;][vc_row_inner gap=&#8221;35&#8243;][vc_column_inner width=&#8221;1\/2&#8243;][vc_single_image image=&#8221;29679&#8243; img_size=&#8221;650&#215;450&#8243; alignment=&#8221;center&#8221; css=&#8221;.vc_custom_1750777263690{margin-top: 0px !important;margin-bottom: 0px !important;padding-top: 0px !important;padding-bottom: 0px !important;}&#8221; parallax_ratio=&#8221;1.0&#8243;][\/vc_column_inner][vc_column_inner width=&#8221;1\/2&#8243;][vc_column_text]<\/p>\n<h2>Fez tennis : Country Club<\/h2>\n<p>Situated in a haven of greenery at the foot of Mount Tghat, Fez Country Club is open all year round, just a few good serves distant from Fez town centre!<\/p>\n<p>Thanks to its modern infrastructure, the club offers unbeatable comfort in the heart of an area entirely given over to sport and relaxation. Sixteen tennis courts, a large infinity pool, an athletics track, a multi-sports ground and a mini-football pitch are set out on a wide swathe of greenery, almost eight hectares in total.<\/p>\n<p>The youngest players can start their training on one of the three mini-tennis courts, and can amuse themselves in a supervised playground, while their parents take advantage of the sports on offer, or just lounge on the terrace !<\/p>\n<p>[\/vc_column_text][\/vc_column_inner][\/vc_row_inner][vc_empty_space][\/vc_column][\/vc_row][vc_row][vc_column][vc_column_text css=&#8221;&#8221;]<\/p>\n<h2>FAQ<\/h2>\n<p>[\/vc_column_text][vc_column_text css=&#8221;&#8221;]<style>#sp-ea-28368 .spcollapsing { height: 0; overflow: hidden; transition-property: height;transition-duration: 300ms;}#sp-ea-28368.sp-easy-accordion>.sp-ea-single {margin-bottom: 10px; border: 1px solid #e2e2e2; }#sp-ea-28368.sp-easy-accordion>.sp-ea-single>.ea-header a {color: #444;}#sp-ea-28368.sp-easy-accordion>.sp-ea-single>.sp-collapse>.ea-body {background: #fff; color: #444;}#sp-ea-28368.sp-easy-accordion>.sp-ea-single {background: #eee;}#sp-ea-28368.sp-easy-accordion>.sp-ea-single>.ea-header a .ea-expand-icon { float: left; color: #444;font-size: 16px;}<\/style><div id=\"sp_easy_accordion-1703507849\"><div id=\"sp-ea-28368\" class=\"sp-ea-one sp-easy-accordion\" data-ea-active=\"ea-click\" data-ea-mode=\"vertical\" data-preloader=\"\" data-scroll-active-item=\"\" data-offset-to-scroll=\"0\"><div class=\"ea-card ea-expand sp-ea-single\"><h3 class=\"ea-header\"><a class=\"collapsed\" id=\"ea-header-283680\" role=\"button\" data-sptoggle=\"spcollapse\" data-sptarget=\"#collapse283680\" aria-controls=\"collapse283680\" href=\"#\" aria-expanded=\"true\" tabindex=\"0\"><i aria-hidden=\"true\" role=\"presentation\" class=\"ea-expand-icon eap-icon-ea-expand-minus\"><\/i> What equestrian activities are available at the equestrian center in Fez?<\/a><\/h3><div class=\"sp-collapse spcollapse collapsed show\" id=\"collapse283680\" data-parent=\"#sp-ea-28368\" role=\"region\" aria-labelledby=\"ea-header-283680\"> <div class=\"ea-body\"><p>The equestrian and pony-trekking center, affiliated with the Royal Moroccan Equestrian Sports Federation and located just ten minutes from central Fez, offers a variety of equestrian activities. This includes horse riding and trekking with Arab-Barb horses, as well as dressage, show-jumping, and sporting rides with Anglo-Arabs and thoroughbreds.<\/p><\/div><\/div><\/div><div class=\"ea-card sp-ea-single\"><h3 class=\"ea-header\"><a class=\"collapsed\" id=\"ea-header-283681\" role=\"button\" data-sptoggle=\"spcollapse\" data-sptarget=\"#collapse283681\" aria-controls=\"collapse283681\" href=\"#\" aria-expanded=\"false\" tabindex=\"0\"><i aria-hidden=\"true\" role=\"presentation\" class=\"ea-expand-icon eap-icon-ea-expand-plus\"><\/i> Can you describe the quad biking experience available near Fez?<\/a><\/h3><div class=\"sp-collapse spcollapse \" id=\"collapse283681\" data-parent=\"#sp-ea-28368\" role=\"region\" aria-labelledby=\"ea-header-283681\"> <div class=\"ea-body\"><p>The quad biking excursion near Fez offers a one-and-a-half-hour off-road tour through the hills and valleys of Oulad Tayeb on a 300cc quad bike. Guided by a professional, the tour combines adrenaline and comfort, including a traditional tea break and photo opportunities, providing a unique perspective on the natural beauty and cultural heritage of Fez.<\/p><\/div><\/div><\/div><div class=\"ea-card sp-ea-single\"><h3 class=\"ea-header\"><a class=\"collapsed\" id=\"ea-header-283682\" role=\"button\" data-sptoggle=\"spcollapse\" data-sptarget=\"#collapse283682\" aria-controls=\"collapse283682\" href=\"#\" aria-expanded=\"false\" tabindex=\"0\"><i aria-hidden=\"true\" role=\"presentation\" class=\"ea-expand-icon eap-icon-ea-expand-plus\"><\/i> What are the hiking options available in Fez?<\/a><\/h3><div class=\"sp-collapse spcollapse \" id=\"collapse283682\" data-parent=\"#sp-ea-28368\" role=\"region\" aria-labelledby=\"ea-header-283682\"> <div class=\"ea-body\"><p>Fez offers several all-day hiking options. Mount Zalagh can be explored alone, but for hiking Jbel Zehroun, Jbel Kandar, and the Middle Atlas, it's recommended to have a local guide. These hikes provide an opportunity to explore the natural landscapes and scenic views of the region.<\/p><\/div><\/div><\/div><div class=\"ea-card sp-ea-single\"><h3 class=\"ea-header\"><a class=\"collapsed\" id=\"ea-header-283683\" role=\"button\" data-sptoggle=\"spcollapse\" data-sptarget=\"#collapse283683\" aria-controls=\"collapse283683\" href=\"#\" aria-expanded=\"false\" tabindex=\"0\"><i aria-hidden=\"true\" role=\"presentation\" class=\"ea-expand-icon eap-icon-ea-expand-plus\"><\/i> What golfing facilities are available in Fez?<\/a><\/h3><div class=\"sp-collapse spcollapse \" id=\"collapse283683\" data-parent=\"#sp-ea-28368\" role=\"region\" aria-labelledby=\"ea-header-283683\"> <div class=\"ea-body\"><p>In Fez, there are two golf courses. The Royal Golf Club, located near the F\u00e8s Sais airport, is a 9-hole course set in a vast olive grove at the foot of the Atlas mountains. The Oued F\u00e8s Golf Resort is an 18-hole course stretching 6,344 meters along the Oued F\u00e8s, offering a natural and aesthetic setting with a design by Jonathan Gaunt, catering to golfers of all levels.<\/p><\/div><\/div><\/div><div class=\"ea-card sp-ea-single\"><h3 class=\"ea-header\"><a class=\"collapsed\" id=\"ea-header-283684\" role=\"button\" data-sptoggle=\"spcollapse\" data-sptarget=\"#collapse283684\" aria-controls=\"collapse283684\" href=\"#\" aria-expanded=\"false\" tabindex=\"0\"><i aria-hidden=\"true\" role=\"presentation\" class=\"ea-expand-icon eap-icon-ea-expand-plus\"><\/i> What skiing opportunities are there near Fez?<\/a><\/h3><div class=\"sp-collapse spcollapse \" id=\"collapse283684\" data-parent=\"#sp-ea-28368\" role=\"region\" aria-labelledby=\"ea-header-283684\"> <div class=\"ea-body\"><p>The Michlifen ski resort, located near Ifrane and just 60 km from Fez, is situated at 1,800 meters altitude and offers skiing opportunities during several winter months. The resort features five ski slopes stretching from 1,800 to 2,000 meters altitude and is surrounded by a vast cedar forest. Michlifen is known for its consistent snow cover from mid-November to March.<\/p><\/div><\/div><\/div><\/div><\/div>[\/vc_column_text][\/vc_column][\/vc_row][vc_row][vc_column][vc_empty_space][\/vc_column][\/vc_row]<\/p>\n<\/div>","protected":false},"excerpt":{"rendered":"<p>[vc_row full_width=&#8221;stretch_row&#8221; fading_background_color=&#8221;on&#8221; address_=&#8221;&#8221; zoom=&#8221;&#8221; hue=&#8221;#ff0000&#8243; css=&#8221;.vc_custom_1675679261017{margin-top: 0px !important;margin-bottom: 0px !important;padding-top: 5% !important;padding-bottom: 5% !important;}&#8221;][vc_column][vc_row_inner gap=&#8221;35&#8243;][vc_column_inner width=&#8221;1\/2&#8243;][vc_column_text] Fez riding : pony-trekking The A\u00efn Amyer equestrian and pony-trekking centre is a [&hellip;]<\/p>\n","protected":false},"author":2,"featured_media":0,"parent":0,"menu_order":0,"comment_status":"closed","ping_status":"closed","template":"page-transparent-menu.php","meta":{"footnotes":""},"class_list":["post-26917","page","type-page","status-publish","hentry",null],"_links":{"self":[{"href":"https:\/\/riad-layalina-fes.com\/ryad-fez\/wp-json\/wp\/v2\/pages\/26917","targetHints":{"allow":["GET"]}}],"collection":[{"href":"https:\/\/riad-layalina-fes.com\/ryad-fez\/wp-json\/wp\/v2\/pages"}],"about":[{"href":"https:\/\/riad-layalina-fes.com\/ryad-fez\/wp-json\/wp\/v2\/types\/page"}],"author":[{"embeddable":true,"href":"https:\/\/riad-layalina-fes.com\/ryad-fez\/wp-json\/wp\/v2\/users\/2"}],"replies":[{"embeddable":true,"href":"https:\/\/riad-layalina-fes.com\/ryad-fez\/wp-json\/wp\/v2\/comments?post=26917"}],"version-history":[{"count":21,"href":"https:\/\/riad-layalina-fes.com\/ryad-fez\/wp-json\/wp\/v2\/pages\/26917\/revisions"}],"predecessor-version":[{"id":29682,"href":"https:\/\/riad-layalina-fes.com\/ryad-fez\/wp-json\/wp\/v2\/pages\/26917\/revisions\/29682"}],"wp:attachment":[{"href":"https:\/\/riad-layalina-fes.com\/ryad-fez\/wp-json\/wp\/v2\/media?parent=26917"}],"curies":[{"name":"wp","href":"https:\/\/api.w.org\/{rel}","templated":true}]}}